{"id":2116,"date":"2021-05-26T15:17:07","date_gmt":"2021-05-26T15:17:07","guid":{"rendered":"https:\/\/everybodydance.org\/programs\/summer-2\/"},"modified":"2026-01-07T22:34:40","modified_gmt":"2026-01-07T22:34:40","slug":"board","status":"publish","type":"page","link":"https:\/\/everybodydance.org\/es\/about\/board\/","title":{"rendered":"Junta"},"content":{"rendered":"<style type=\"text\/css\" data-created_by=\"avia_inline_auto\" id=\"style-css-av-2tfvok-4f03dc6022ca66f2705b82522d0f0c6c\">\n.avia-section.av-2tfvok-4f03dc6022ca66f2705b82522d0f0c6c{\nbackground-color:#4299e8;\nbackground-image:unset;\n}\n<\/style>\n<div id='av_section_1'  class='avia-section av-2tfvok-4f03dc6022ca66f2705b82522d0f0c6c header_color avia-section-small avia-no-border-styling  avia-builder-el-0  el_before_av_layout_row  avia-builder-el-first  avia-bg-style-scroll container_wrap sidebar_right'  ><div class='container av-section-cont-open' ><main  role=\"main\" itemprop=\"mainContentOfPage\"  class='template-page content  av-content-small alpha units'><div class='post-entry post-entry-type-page post-entry-2116'><div class='entry-content-wrapper clearfix'>\n\n<style type=\"text\/css\" data-created_by=\"avia_inline_auto\" id=\"style-css-av-lh41xodn-6899e54ba44fb3bdc0197ac898c1991c\">\n#top .av-special-heading.av-lh41xodn-6899e54ba44fb3bdc0197ac898c1991c{\ncolor:#ffffff;\n}\nbody .av-special-heading.av-lh41xodn-6899e54ba44fb3bdc0197ac898c1991c .av-special-heading-tag .heading-char{\nfont-size:25px;\n}\n.av-special-heading.av-lh41xodn-6899e54ba44fb3bdc0197ac898c1991c .special-heading-inner-border{\nborder-color:#ffffff;\n}\n.av-special-heading.av-lh41xodn-6899e54ba44fb3bdc0197ac898c1991c .av-subheading{\nfont-size:18px;\n}\n\n@media only screen and (min-width: 990px){ \n#top #wrap_all .av-special-heading.av-lh41xodn-6899e54ba44fb3bdc0197ac898c1991c .av-special-heading-tag{\nfont-size:38px;\n}\n}\n<\/style>\n<div  class='av-special-heading av-lh41xodn-6899e54ba44fb3bdc0197ac898c1991c av-special-heading-h1 custom-color-heading blockquote modern-quote  avia-builder-el-1  avia-builder-el-no-sibling'><h1 class='av-special-heading-tag'  itemprop=\"headline\"  >Junta Directiva<\/h1><div class=\"special-heading-border\"><div class=\"special-heading-inner-border\"><\/div><\/div><\/div>\n\n<\/div><\/div><\/main><!-- close content main element --><\/div><\/div><div id='av-layout-grid-1'  class='av-layout-grid-container av-aob4wk-42e9ec920e170731add03458c0a4503a entry-content-wrapper main_color av-flex-cells av-break-at-tablet  avia-builder-el-2  el_after_av_section  avia-builder-el-last  grid-row-not-first  container_wrap sidebar_right'  >\n\n<style type=\"text\/css\" data-created_by=\"avia_inline_auto\" id=\"style-css-av-9mhok4-1f41b443cfc311bc9a64f0074c332f98\">\n.flex_cell.av-9mhok4-1f41b443cfc311bc9a64f0074c332f98{\nvertical-align:top;\nbackground-color:#f9e873;\n}\n.responsive #top #wrap_all .flex_cell.av-9mhok4-1f41b443cfc311bc9a64f0074c332f98{\npadding:50px 50px 50px 50px !important;\n}\n\n@media only screen and (max-width: 479px){ \n.responsive #top #wrap_all .flex_cell.av-9mhok4-1f41b443cfc311bc9a64f0074c332f98{\npadding:30px 30px 30px 30px !important;\n}\n}\n<\/style>\n<div class='flex_cell av-9mhok4-1f41b443cfc311bc9a64f0074c332f98 av-gridrow-cell av_one_third no_margin  avia-builder-el-3  el_before_av_cell_two_third  avia-builder-el-first  content-align-top'  ><div class='flex_cell_inner'>\n<style type=\"text\/css\" data-created_by=\"avia_inline_auto\" id=\"style-css-av-kp5mnvor-0ab026b7b741f75fdede74daa19b795c\">\n#top .av_textblock_section.av-kp5mnvor-0ab026b7b741f75fdede74daa19b795c .avia_textblock{\ncolor:#494949;\n}\n<\/style>\n<section  class='av_textblock_section av-kp5mnvor-0ab026b7b741f75fdede74daa19b795c'   itemscope=\"itemscope\" itemtype=\"https:\/\/schema.org\/CreativeWork\" ><div class='avia_textblock av_inherit_color'  itemprop=\"text\" ><h2>presidente de la Junta<\/h2>\n<p><strong>Melissa Smith Axelrad<\/strong><br \/>\nAsociado de litigios laborales, Sheppard Mullin Richter &amp; Hampton<br \/>\nDesarrollo; Subcomit\u00e9 de Marketing y Comunicaciones Estrat\u00e9gicas<br \/>\nMiembro de la junta desde 2019<\/p>\n<h2>tesorero<\/h2>\n<p><strong>Sean Lubens<\/strong><br \/>\n<em>Jefe de estrategia y an\u00e1lisis de contenido, The Roku Channel<\/em><br \/>\nFinanzas (Presidente)<br \/>\nMiembro de la junta desde 2013<\/p>\n<h2>secretario<\/h2>\n<p><strong>Amanda Alce<\/strong><br \/>\nComit\u00e9 de Desarrollo<br \/>\nMiembro de la junta desde 2022<\/p>\n<\/div><\/section><br \/>\n\n<style type=\"text\/css\" data-created_by=\"avia_inline_auto\" id=\"style-css-av-l65eetj1-60ac581fd208e39c23644e8b1225bcd8\">\n#top .hr.hr-invisible.av-l65eetj1-60ac581fd208e39c23644e8b1225bcd8{\nheight:25px;\n}\n<\/style>\n<div  class='hr av-l65eetj1-60ac581fd208e39c23644e8b1225bcd8 hr-invisible  avia-builder-el-5  el_after_av_textblock  el_before_av_image'><span class='hr-inner'><span class=\"hr-inner-style\"><\/span><\/span><\/div><br \/>\n\n<style type=\"text\/css\" data-created_by=\"avia_inline_auto\" id=\"style-css-av-l65e74q2-25c0947052018cf340aa2921f3bd8b79\">\n.avia-image-container.av-l65e74q2-25c0947052018cf340aa2921f3bd8b79 img.avia_image{\nbox-shadow:none;\n}\n.avia-image-container.av-l65e74q2-25c0947052018cf340aa2921f3bd8b79 .av-image-caption-overlay-center{\ncolor:#ffffff;\n}\n<\/style>\n<div  class='avia-image-container av-l65e74q2-25c0947052018cf340aa2921f3bd8b79 av-styling- av-img-linked avia_animated_image av-animated-when-visible-95 fade-in avia-align-center  avia-builder-el-6  el_after_av_hr  avia-builder-el-last'   itemprop=\"image\" itemscope=\"itemscope\" itemtype=\"https:\/\/schema.org\/ImageObject\" ><div class=\"avia-image-container-inner\"><div class=\"avia-image-overlay-wrap\"><a href=\"https:\/\/everybodydance.org\/wp-content\/uploads\/2022\/07\/board-members-1030x687.jpg\" data-srcset=\"https:\/\/everybodydance.org\/wp-content\/uploads\/2022\/07\/board-members-1030x687.jpg 1030w, https:\/\/everybodydance.org\/wp-content\/uploads\/2022\/07\/board-members-300x200.jpg 300w, https:\/\/everybodydance.org\/wp-content\/uploads\/2022\/07\/board-members-768x512.jpg 768w\" data-sizes=\"(max-width: 1030px) 100vw, 1030px\" class='avia_image'  ><img decoding=\"async\" fetchpriority=\"high\" class=\"wp-image-3194 avia-img-lazy-loading-not-3194 avia_image\" src=\"https:\/\/everybodydance.org\/wp-content\/uploads\/2022\/07\/board-members-scaled.jpg\" alt=\"board members\" title=\"\" height=\"1024\" width=\"1536\" itemprop=\"thumbnailUrl\" srcset=\"https:\/\/everybodydance.org\/wp-content\/uploads\/2022\/07\/board-members-scaled.jpg 2560w, https:\/\/everybodydance.org\/wp-content\/uploads\/2022\/07\/board-members-300x200.jpg 300w, https:\/\/everybodydance.org\/wp-content\/uploads\/2022\/07\/board-members-1030x687.jpg 1030w, https:\/\/everybodydance.org\/wp-content\/uploads\/2022\/07\/board-members-768x512.jpg 768w\" sizes=\"(max-width: 1536px) 100vw, 1536px\" \/><\/a><\/div><\/div><\/div><\/p>\n<\/div><\/div>\n<style type=\"text\/css\" data-created_by=\"avia_inline_auto\" id=\"style-css-av-kp5mp13d-b91dae049bb54a662c72388f67d5b561\">\n.flex_cell.av-kp5mp13d-b91dae049bb54a662c72388f67d5b561{\nvertical-align:top;\n}\n.responsive #top #wrap_all .flex_cell.av-kp5mp13d-b91dae049bb54a662c72388f67d5b561{\npadding:50px 50px 50px 50px !important;\n}\n\n@media only screen and (max-width: 479px){ \n.responsive #top #wrap_all .flex_cell.av-kp5mp13d-b91dae049bb54a662c72388f67d5b561{\npadding:30px 30px 30px 30px !important;\n}\n}\n<\/style>\n<div class='flex_cell av-kp5mp13d-b91dae049bb54a662c72388f67d5b561 av-gridrow-cell av_two_third no_margin  avia-builder-el-7  el_after_av_cell_one_third  avia-builder-el-last  content-align-top'  ><div class='flex_cell_inner'><p>\n<style type=\"text\/css\" data-created_by=\"avia_inline_auto\" id=\"style-css-av-lm17qwgo-7fe5b389784029c2f4ee551f9e53d204\">\nbody .av-special-heading.av-lm17qwgo-7fe5b389784029c2f4ee551f9e53d204 .av-special-heading-tag .heading-char{\nfont-size:25px;\n}\n.av-special-heading.av-lm17qwgo-7fe5b389784029c2f4ee551f9e53d204 .av-subheading{\nfont-size:18px;\n}\n<\/style>\n<div  class='av-special-heading av-lm17qwgo-7fe5b389784029c2f4ee551f9e53d204 av-special-heading-h2  avia-builder-el-8  el_before_av_one_half  avia-builder-el-first'><h2 class='av-special-heading-tag'  itemprop=\"headline\"  >miembros de la Junta<\/h2><div class=\"special-heading-border\"><div class=\"special-heading-inner-border\"><\/div><\/div><\/div><br \/>\n<div  class='flex_column av-5bzp2s-d18892ec753d294312eafef7240db00c av_one_half  avia-builder-el-9  el_after_av_heading  el_before_av_one_half  first flex_column_div'     ><style type=\"text\/css\" data-created_by=\"avia_inline_auto\" id=\"style-css-av-4w42dg-55309e511da40ac2a66a24bc0cfa923d\">\n#top .av_textblock_section.av-4w42dg-55309e511da40ac2a66a24bc0cfa923d .avia_textblock{\ncolor:#5e5e5e;\n}\n<\/style>\n<section  class='av_textblock_section av-4w42dg-55309e511da40ac2a66a24bc0cfa923d'   itemscope=\"itemscope\" itemtype=\"https:\/\/schema.org\/CreativeWork\" ><div class='avia_textblock av_inherit_color'  itemprop=\"text\" ><p><strong>Charlene Achki-Repko<\/strong><br \/>\n<em>Miembro de la Junta del Centro de Artes de la Danza, Movimiento de Danza Estadounidense y Enfrentamiento a la Historia y a Nosotros Mismos; Ejecutivo de Medios<\/em><br \/>\nSubcomit\u00e9 de Marketing y Comunicaciones Estrat\u00e9gicas; Subcomit\u00e9 de Planificaci\u00f3n Estrat\u00e9gica<br \/>\nMiembro de la junta desde 2020<\/p>\n<p><strong>Shaudi Fulp<\/strong><br \/>\nBoard member since 2025<\/p>\n<p><strong>Leah Fischer<\/strong><br \/>\n<em>Recaudaci\u00f3n de fondos voluntaria<\/em><br \/>\nDesarrollo; Subcomit\u00e9 de Gobernanza, Marketing y Comunicaciones Estrat\u00e9gicas<br \/>\nMiembro de la junta desde 2005<\/p>\n<p><strong>Larry A. Ginsberg, Esq.<\/strong><br \/>\n<em>Fundador\/Socio, Harris Ginsberg LLP<\/em><br \/>\nSubcomit\u00e9 Ex Officio All y de Planificaci\u00f3n Estrat\u00e9gica (Presidente)<br \/>\nMiembro de la junta desde 2015<\/p>\n<p><strong>Susana Gurman<\/strong><br \/>\n<em>Exdirectora de las escuelas aut\u00f3nomas Gabriella<\/em><br \/>\nComit\u00e9 de Gobernanza<br \/>\nMiembro de la junta desde 2005<\/p>\n<p><strong>Allan Haldeman<\/strong><br \/>\n<em>Agente, Agencia United Talent<\/em><br \/>\nComit\u00e9 de Desarrollo<br \/>\nMiembro de la junta desde 2015<\/p>\n<p><strong>Todd Hawkins<\/strong><br \/>\n<em>Emprendedor, consultor estrat\u00e9gico, reclutador ejecutivo, conector y fil\u00e1ntropo<\/em><br \/>\nComit\u00e9 de Desarrollo<br \/>\nMiembro de la junta desde 2023<\/p>\n<\/div><\/section><\/div><div  class='flex_column av-2errc4-4511cd0e0d888ed84b9f7a15aed36c05 av_one_half  avia-builder-el-11  el_after_av_one_half  avia-builder-el-last  flex_column_div'     ><style type=\"text\/css\" data-created_by=\"avia_inline_auto\" id=\"style-css-av-lm17p7z7-f604af5ab6b5a7712d3461d59e816329\">\n#top .av_textblock_section.av-lm17p7z7-f604af5ab6b5a7712d3461d59e816329 .avia_textblock{\ncolor:#5e5e5e;\n}\n<\/style>\n<section  class='av_textblock_section av-lm17p7z7-f604af5ab6b5a7712d3461d59e816329'   itemscope=\"itemscope\" itemtype=\"https:\/\/schema.org\/CreativeWork\" ><div class='avia_textblock av_inherit_color'  itemprop=\"text\" ><p><strong>joan herman<br \/>\n<\/strong><em>Presidente y director ejecutivo, Herman and Associates<\/em><br \/>\nComit\u00e9 de Finanzas y Gobernanza<br \/>\nMiembro de la junta desde 2014<\/p>\n<p><strong>jane jelenko<br \/>\n<\/strong><em>Miembro de la Junta, Centro de Artes de la Danza; Miembro de la Junta Directiva del Movimiento de Danza Estadounidense; Ejecutivo Financiero; Autor<\/em><br \/>\nDesarrollo (Presidente), Subcomit\u00e9 de Planificaci\u00f3n Estrat\u00e9gica<br \/>\nMiembro de la junta desde 2009<\/p>\n<p><strong>Ida Levin<\/strong><br \/>\n<em>Director principal y de la junta directiva, Two Rivers Associates Limited; Director de la junta directiva, Instituto de Inversi\u00f3n de Impacto<\/em><br \/>\nComit\u00e9 de Desarrollo<br \/>\nMiembro de la junta desde 2022<\/p>\n<p><strong>Kathleen McCaffrey<\/strong><br \/>\n<em>Vicepresidente senior de programaci\u00f3n de series originales, HBO<\/em><br \/>\nDesarrollo; Subcomit\u00e9 de Marketing y Comunicaciones Estrat\u00e9gicas<br \/>\nMiembro de la junta desde 2019<\/p>\n<p><strong>Amanda Alce<\/strong><br \/>\n<em>Consultor; Director de Asociaciones, The Giving List<\/em><br \/>\nComit\u00e9 de Desarrollo<br \/>\nMiembro de la junta desde 2022<\/p>\n<p><strong>tim wahl<\/strong><br \/>\n<em>Abogado; Facultad de CSU Northridge; Miembro de la Junta, Escuelas P\u00fablicas Green Dot y The Music Center<\/em><br \/>\nSubcomit\u00e9 de Riesgos (Presidente) y Auditor\u00eda (Presidente)<br \/>\nMiembro de la junta desde 2016<\/p>\n<\/div><\/section><\/div><\/p>\n<\/div><\/div><\/div>","protected":false},"excerpt":{"rendered":"","protected":false},"author":1,"featured_media":0,"parent":2082,"menu_order":2,"comment_status":"closed","ping_status":"closed","template":"","meta":{"footnotes":""},"class_list":["post-2116","page","type-page","status-publish","hentry"],"yoast_head":"<!-- This site is optimized with the Yoast SEO plugin v27.4 - https:\/\/yoast.com\/product\/yoast-seo-wordpress\/ -->\n<title>Board - Everybody Dance LA!<\/title>\n<meta name=\"robots\" content=\"index, follow, max-snippet:-1, max-image-preview:large, max-video-preview:-1\" \/>\n<link rel=\"canonical\" href=\"https:\/\/everybodydance.org\/es\/about\/board\/\" \/>\n<meta property=\"og:locale\" content=\"es_MX\" \/>\n<meta property=\"og:type\" content=\"article\" \/>\n<meta property=\"og:title\" content=\"Board - Everybody Dance LA!\" \/>\n<meta property=\"og:url\" content=\"https:\/\/everybodydance.org\/es\/about\/board\/\" \/>\n<meta property=\"og:site_name\" content=\"Everybody Dance LA!\" \/>\n<meta property=\"article:publisher\" content=\"https:\/\/www.facebook.com\/everybodydancela\" \/>\n<meta property=\"article:modified_time\" content=\"2026-01-07T22:34:40+00:00\" \/>\n<meta property=\"og:image\" content=\"https:\/\/everybodydance.org\/wp-content\/uploads\/2023\/04\/edla-yellow-enfold-100.png\" \/>\n\t<meta property=\"og:image:width\" content=\"600\" \/>\n\t<meta property=\"og:image:height\" content=\"431\" \/>\n\t<meta property=\"og:image:type\" content=\"image\/png\" \/>\n<meta name=\"twitter:card\" content=\"summary_large_image\" \/>\n<meta name=\"twitter:site\" content=\"@everybodydancla\" \/>\n<meta name=\"twitter:label1\" content=\"Tiempo de lectura\" \/>\n\t<meta name=\"twitter:data1\" content=\"2 minutos\" \/>\n<script type=\"application\/ld+json\" class=\"yoast-schema-graph\">{\"@context\":\"https:\\\/\\\/schema.org\",\"@graph\":[{\"@type\":\"WebPage\",\"@id\":\"https:\\\/\\\/everybodydance.org\\\/about\\\/board\\\/\",\"url\":\"https:\\\/\\\/everybodydance.org\\\/about\\\/board\\\/\",\"name\":\"Board - Everybody Dance LA!\",\"isPartOf\":{\"@id\":\"https:\\\/\\\/everybodydance.org\\\/#website\"},\"datePublished\":\"2021-05-26T15:17:07+00:00\",\"dateModified\":\"2026-01-07T22:34:40+00:00\",\"breadcrumb\":{\"@id\":\"https:\\\/\\\/everybodydance.org\\\/about\\\/board\\\/#breadcrumb\"},\"inLanguage\":\"es-MX\",\"potentialAction\":[{\"@type\":\"ReadAction\",\"target\":[\"https:\\\/\\\/everybodydance.org\\\/about\\\/board\\\/\"]}]},{\"@type\":\"BreadcrumbList\",\"@id\":\"https:\\\/\\\/everybodydance.org\\\/about\\\/board\\\/#breadcrumb\",\"itemListElement\":[{\"@type\":\"ListItem\",\"position\":1,\"name\":\"Home\",\"item\":\"https:\\\/\\\/everybodydance.org\\\/home\\\/\"},{\"@type\":\"ListItem\",\"position\":2,\"name\":\"About edla!\",\"item\":\"https:\\\/\\\/everybodydance.org\\\/about\\\/\"},{\"@type\":\"ListItem\",\"position\":3,\"name\":\"Board\"}]},{\"@type\":\"WebSite\",\"@id\":\"https:\\\/\\\/everybodydance.org\\\/#website\",\"url\":\"https:\\\/\\\/everybodydance.org\\\/\",\"name\":\"Everybody Dance LA!\",\"description\":\"Transforming lives and communities through the power of dance\",\"publisher\":{\"@id\":\"https:\\\/\\\/everybodydance.org\\\/#organization\"},\"alternateName\":\"edla!\",\"potentialAction\":[{\"@type\":\"SearchAction\",\"target\":{\"@type\":\"EntryPoint\",\"urlTemplate\":\"https:\\\/\\\/everybodydance.org\\\/?s={search_term_string}\"},\"query-input\":{\"@type\":\"PropertyValueSpecification\",\"valueRequired\":true,\"valueName\":\"search_term_string\"}}],\"inLanguage\":\"es-MX\"},{\"@type\":\"Organization\",\"@id\":\"https:\\\/\\\/everybodydance.org\\\/#organization\",\"name\":\"Everybody Dance LA!\",\"url\":\"https:\\\/\\\/everybodydance.org\\\/\",\"logo\":{\"@type\":\"ImageObject\",\"inLanguage\":\"es-MX\",\"@id\":\"https:\\\/\\\/everybodydance.org\\\/#\\\/schema\\\/logo\\\/image\\\/\",\"url\":\"https:\\\/\\\/everybodydance.org\\\/wp-content\\\/uploads\\\/2023\\\/08\\\/edla-full-logo-dark-blue.png\",\"contentUrl\":\"https:\\\/\\\/everybodydance.org\\\/wp-content\\\/uploads\\\/2023\\\/08\\\/edla-full-logo-dark-blue.png\",\"width\":650,\"height\":590,\"caption\":\"Everybody Dance LA!\"},\"image\":{\"@id\":\"https:\\\/\\\/everybodydance.org\\\/#\\\/schema\\\/logo\\\/image\\\/\"},\"sameAs\":[\"https:\\\/\\\/www.facebook.com\\\/everybodydancela\",\"https:\\\/\\\/x.com\\\/everybodydancla\",\"https:\\\/\\\/www.instagram.com\\\/everybodydancela\\\/\",\"https:\\\/\\\/www.youtube.com\\\/user\\\/everybodydancela\"]}]}<\/script>\n<!-- \/ Yoast SEO plugin. -->","yoast_head_json":{"title":"Board - Everybody Dance LA!","robots":{"index":"index","follow":"follow","max-snippet":"max-snippet:-1","max-image-preview":"max-image-preview:large","max-video-preview":"max-video-preview:-1"},"canonical":"https:\/\/everybodydance.org\/es\/about\/board\/","og_locale":"es_MX","og_type":"article","og_title":"Board - Everybody Dance LA!","og_url":"https:\/\/everybodydance.org\/es\/about\/board\/","og_site_name":"Everybody Dance LA!","article_publisher":"https:\/\/www.facebook.com\/everybodydancela","article_modified_time":"2026-01-07T22:34:40+00:00","og_image":[{"width":600,"height":431,"url":"https:\/\/everybodydance.org\/wp-content\/uploads\/2023\/04\/edla-yellow-enfold-100.png","type":"image\/png"}],"twitter_card":"summary_large_image","twitter_site":"@everybodydancla","twitter_misc":{"Tiempo de lectura":"2 minutos"},"schema":{"@context":"https:\/\/schema.org","@graph":[{"@type":"WebPage","@id":"https:\/\/everybodydance.org\/about\/board\/","url":"https:\/\/everybodydance.org\/about\/board\/","name":"Board - Everybody Dance LA!","isPartOf":{"@id":"https:\/\/everybodydance.org\/#website"},"datePublished":"2021-05-26T15:17:07+00:00","dateModified":"2026-01-07T22:34:40+00:00","breadcrumb":{"@id":"https:\/\/everybodydance.org\/about\/board\/#breadcrumb"},"inLanguage":"es-MX","potentialAction":[{"@type":"ReadAction","target":["https:\/\/everybodydance.org\/about\/board\/"]}]},{"@type":"BreadcrumbList","@id":"https:\/\/everybodydance.org\/about\/board\/#breadcrumb","itemListElement":[{"@type":"ListItem","position":1,"name":"Home","item":"https:\/\/everybodydance.org\/home\/"},{"@type":"ListItem","position":2,"name":"About edla!","item":"https:\/\/everybodydance.org\/about\/"},{"@type":"ListItem","position":3,"name":"Board"}]},{"@type":"WebSite","@id":"https:\/\/everybodydance.org\/#website","url":"https:\/\/everybodydance.org\/","name":"\u00a1Todo el mundo baila LA!","description":"Transformando vidas y comunidades a trav\u00e9s del poder de la danza","publisher":{"@id":"https:\/\/everybodydance.org\/#organization"},"alternateName":"edla!","potentialAction":[{"@type":"SearchAction","target":{"@type":"EntryPoint","urlTemplate":"https:\/\/everybodydance.org\/?s={search_term_string}"},"query-input":{"@type":"PropertyValueSpecification","valueRequired":true,"valueName":"search_term_string"}}],"inLanguage":"es-MX"},{"@type":"Organization","@id":"https:\/\/everybodydance.org\/#organization","name":"\u00a1Todo el mundo baila LA!","url":"https:\/\/everybodydance.org\/","logo":{"@type":"ImageObject","inLanguage":"es-MX","@id":"https:\/\/everybodydance.org\/#\/schema\/logo\/image\/","url":"https:\/\/everybodydance.org\/wp-content\/uploads\/2023\/08\/edla-full-logo-dark-blue.png","contentUrl":"https:\/\/everybodydance.org\/wp-content\/uploads\/2023\/08\/edla-full-logo-dark-blue.png","width":650,"height":590,"caption":"Everybody Dance LA!"},"image":{"@id":"https:\/\/everybodydance.org\/#\/schema\/logo\/image\/"},"sameAs":["https:\/\/www.facebook.com\/everybodydancela","https:\/\/x.com\/everybodydancla","https:\/\/www.instagram.com\/everybodydancela\/","https:\/\/www.youtube.com\/user\/everybodydancela"]}]}},"_links":{"self":[{"href":"https:\/\/everybodydance.org\/es\/wp-json\/wp\/v2\/pages\/2116","targetHints":{"allow":["GET"]}}],"collection":[{"href":"https:\/\/everybodydance.org\/es\/wp-json\/wp\/v2\/pages"}],"about":[{"href":"https:\/\/everybodydance.org\/es\/wp-json\/wp\/v2\/types\/page"}],"author":[{"embeddable":true,"href":"https:\/\/everybodydance.org\/es\/wp-json\/wp\/v2\/users\/1"}],"replies":[{"embeddable":true,"href":"https:\/\/everybodydance.org\/es\/wp-json\/wp\/v2\/comments?post=2116"}],"version-history":[{"count":0,"href":"https:\/\/everybodydance.org\/es\/wp-json\/wp\/v2\/pages\/2116\/revisions"}],"up":[{"embeddable":true,"href":"https:\/\/everybodydance.org\/es\/wp-json\/wp\/v2\/pages\/2082"}],"wp:attachment":[{"href":"https:\/\/everybodydance.org\/es\/wp-json\/wp\/v2\/media?parent=2116"}],"curies":[{"name":"gracias","href":"https:\/\/api.w.org\/{rel}","templated":true}]}}