{"id":2329,"date":"2021-05-27T19:16:36","date_gmt":"2021-05-27T19:16:36","guid":{"rendered":"https:\/\/everybodydance.org\/?page_id=2329"},"modified":"2026-04-28T22:58:35","modified_gmt":"2026-04-28T22:58:35","slug":"support","status":"publish","type":"page","link":"https:\/\/everybodydance.org\/es\/support\/","title":{"rendered":"Apoyo"},"content":{"rendered":"<div id='av-layout-grid-1'  class='av-layout-grid-container av-9d8tp5-06908800ca5de95bb0fa8afd699e2b58 entry-content-wrapper main_color av-flex-cells av-break-at-tablet  avia-builder-el-0  el_before_av_layout_row  avia-builder-el-first   container_wrap sidebar_right'  >\n\n<style type=\"text\/css\" data-created_by=\"avia_inline_auto\" id=\"style-css-av-7wf16x-fe641291f0dc463a99f2488b56d8a8ff\">\n.flex_cell.av-7wf16x-fe641291f0dc463a99f2488b56d8a8ff{\nvertical-align:middle;\nheight:430px;\nmin-height:430px;\nbackground:url(https:\/\/everybodydance.org\/wp-content\/uploads\/2021\/05\/Arch-way-1030x687.jpeg) 50% 50% no-repeat scroll ;\n}\n.responsive #top #wrap_all .flex_cell.av-7wf16x-fe641291f0dc463a99f2488b56d8a8ff{\npadding:30px 30px 30px 30px !important;\n}\n<\/style>\n<div class='flex_cell av-7wf16x-fe641291f0dc463a99f2488b56d8a8ff av-gridrow-cell av_one_half no_margin  avia-builder-el-1  el_before_av_cell_one_half  avia-builder-el-first  content-align-middle avia-full-stretch'  ><div class='flex_cell_inner'><\/div><\/div>\n<style type=\"text\/css\" data-created_by=\"avia_inline_auto\" id=\"style-css-av-6gdymx-f8dc46a42b218cb3e43cd86bcd0ea6f7\">\n.flex_cell.av-6gdymx-f8dc46a42b218cb3e43cd86bcd0ea6f7{\nvertical-align:middle;\nheight:430px;\nmin-height:430px;\n}\n.responsive #top #wrap_all .flex_cell.av-6gdymx-f8dc46a42b218cb3e43cd86bcd0ea6f7{\npadding:4% 5% 5% 5% !important;\n}\n\n@media only screen and (max-width: 479px){ \n.responsive #top #wrap_all .flex_cell.av-6gdymx-f8dc46a42b218cb3e43cd86bcd0ea6f7{\npadding:30px 30px 30px 30px !important;\n}\n}\n<\/style>\n<div class='flex_cell av-6gdymx-f8dc46a42b218cb3e43cd86bcd0ea6f7 av-gridrow-cell av_one_half no_margin  avia-builder-el-2  el_after_av_cell_one_half  avia-builder-el-last  content-align-middle'  ><div class='flex_cell_inner'><section  class='av_textblock_section av-kxf5cqcb-a01bf4208c5797b438c01030a359be2e'   itemscope=\"itemscope\" itemtype=\"https:\/\/schema.org\/CreativeWork\" ><div class='avia_textblock cleanList'  itemprop=\"text\" ><h1><strong>apoya a edla!<\/strong><\/h1>\n<h2 class=\"subtitle\">\u00a1Tu apoyo nos eleva y transforma vidas y comunidades a trav\u00e9s del poder de la danza!<\/h2>\n<p>Usted hace posible que brindemos educaci\u00f3n de danza profesional que cambia la vida de los estudiantes que no pueden pagarla. Los estudiantes exploran la danza durante el d\u00eda escolar: crean, se mueven y aceleran su aprendizaje. Con su colaboraci\u00f3n, podemos continuar:<\/p>\n<ul>\n<li><strong>Sirve a m\u00e1s de 4,000 estudiantes en 28 escuelas en McArthur Park, South Los Angeles, East Los Angeles, Hollywood y Watts.<\/strong><\/li>\n<li><strong>Inculque altas expectativas y cultive las habilidades de por vida de colaboraci\u00f3n, disciplina y autoexpresi\u00f3n en los j\u00f3venes a los que servimos.<\/strong><\/li>\n<li><strong>Apoye a nuestros estudiantes de secundaria en su transici\u00f3n a la universidad y la carrera.<\/strong><\/li>\n<li><strong>Haz realidad los sue\u00f1os de los j\u00f3venes bailarines.<\/strong><\/li>\n<\/ul>\n<p><strong><a href=\"https:\/\/everybodydance.org\/es\/support\/ways-to-give\/\">maneras de dar<\/a><\/strong><\/p>\n<p><strong><a href=\"https:\/\/everybodydance.org\/es\/support\/celebrate\/\">edla\u2019s 25th anniversary celebration<\/a><\/strong><\/p>\n<p><strong><a href=\"https:\/\/everybodydance.org\/es\/support\/supporters\/\">nuestros seguidores<\/a><\/strong><\/p>\n<\/div><\/section><br \/>\n\n<style type=\"text\/css\" data-created_by=\"avia_inline_auto\" id=\"style-css-av-2a0q3d-7fd654d1bd272814093a2a92263b2c3e\">\n#top .hr.hr-invisible.av-2a0q3d-7fd654d1bd272814093a2a92263b2c3e{\nheight:20px;\n}\n<\/style>\n<div  class='hr av-2a0q3d-7fd654d1bd272814093a2a92263b2c3e hr-invisible  avia-builder-el-4  el_after_av_textblock  el_before_av_button'><span class='hr-inner'><span class=\"hr-inner-style\"><\/span><\/span><\/div><br \/>\n<div  class='avia-button-wrap av-lsl1p8gm-32819c1a51b4feadbbda8f630838bde7-wrap avia-button-left  avia-builder-el-5  el_after_av_hr  el_before_av_button'>\n<style type=\"text\/css\" data-created_by=\"avia_inline_auto\" id=\"style-css-av-lsl1p8gm-32819c1a51b4feadbbda8f630838bde7\">\n#top #wrap_all .avia-button.av-lsl1p8gm-32819c1a51b4feadbbda8f630838bde7{\nbackground-color:#f9e873;\nborder-color:#f9e873;\ncolor:#1b1b47;\ntransition:all 0.4s ease-in-out;\n}\n#top #wrap_all .avia-button.av-lsl1p8gm-32819c1a51b4feadbbda8f630838bde7 .avia-svg-icon svg:first-child{\nfill:#1b1b47;\nstroke:#1b1b47;\n}\n<\/style>\n<a href='https:\/\/www.bonfire.com\/store\/everybody-dance-la\/'  class='avia-button av-lsl1p8gm-32819c1a51b4feadbbda8f630838bde7 av-link-btn avia-icon_select-no avia-size-large avia-position-left'  target=\"_blank\"  rel=\"noopener noreferrer\"  aria-label=\"\u00a1compra edla!\"><span class='avia_iconbox_title' >\u00a1compra edla!<\/span><\/a><\/div><br \/>\n<div  class='avia-button-wrap av-lsl1mxas-ba2740c35fefca2812dc247f3a910f27-wrap avia-button-left  avia-builder-el-6  el_after_av_button  avia-builder-el-last'><a href='https:\/\/fundraise.givesmart.com\/form\/KMbh2A'  class='avia-button av-lsl1mxas-ba2740c35fefca2812dc247f3a910f27 av-link-btn avia-icon_select-no avia-size-large avia-position-left avia-color-orange'  target=\"_blank\"  rel=\"noopener noreferrer\"  aria-label=\"dona a edla!\"><span class='avia_iconbox_title' >dona a edla!<\/span><\/a><\/div><\/p>\n<\/div><\/div><\/div><div id='av-layout-grid-2'  class='av-layout-grid-container av-fs91l-cb6b1a1aef779faeb8b2567ff293661d entry-content-wrapper main_color av-flex-cells av-break-at-tablet  avia-builder-el-7  el_after_av_layout_row  el_before_av_section  av-grid-order-reverse grid-row-not-first av-desktop-hide av-medium-hide av-small-hide av-mini-hide container_wrap sidebar_right'  >\n\n<style type=\"text\/css\" data-created_by=\"avia_inline_auto\" id=\"style-css-av-35cjy1-8177922224d0588f1f5604b213500403\">\n.flex_cell.av-35cjy1-8177922224d0588f1f5604b213500403{\nvertical-align:middle;\nheight:430px;\nmin-height:430px;\n}\n.responsive #top #wrap_all .flex_cell.av-35cjy1-8177922224d0588f1f5604b213500403{\npadding:5% 5% 5% 5% !important;\n}\n\n@media only screen and (max-width: 479px){ \n.responsive #top #wrap_all .flex_cell.av-35cjy1-8177922224d0588f1f5604b213500403{\npadding:30px 30px 30px 30px !important;\n}\n}\n<\/style>\n<div class='flex_cell av-35cjy1-8177922224d0588f1f5604b213500403 av-gridrow-cell av_one_half no_margin  avia-builder-el-8  el_before_av_cell_one_half  avia-builder-el-first  noMobileMin content-align-middle avia-full-stretch'  ><div class='flex_cell_inner'><section  class='av_textblock_section av-2w9h95-7d42781229260bb663036f3b9956bb7f'   itemscope=\"itemscope\" itemtype=\"https:\/\/schema.org\/CreativeWork\" ><div class='avia_textblock'  itemprop=\"text\" ><h2>\u00a1Convi\u00e9rtete en patrocinador de una rutina de baile!<\/h2>\n<p>\u00a1Todo el mundo baila LA! acaba de lanzar el Programa de patrocinio de rutinas de baile. Estas campa\u00f1as mensuales presentan &quot;momentos&quot; especiales que puede regalar a un joven haciendo un regalo mensual o semanal &quot;de rutina&quot; con una tarjeta de cr\u00e9dito o d\u00e9bito. Estas campa\u00f1as mensuales incluyen el patrocinio de la programaci\u00f3n de verano, la entrega de un par de zapatillas de punta o la garant\u00eda de que un ni\u00f1o tenga un disfraz para su recital. \u00a1Cuando apoye el Programa de patrocinio de rutinas de baile, pondr\u00e1 una sonrisa en la cara de un ni\u00f1o durante todo el mes!<\/p>\n<\/div><\/section><br \/>\n\n<style type=\"text\/css\" data-created_by=\"avia_inline_auto\" id=\"style-css-av-lh5vt9oq-9668f0049cf8a0a99e200e225d094692\">\n#top .hr.hr-invisible.av-lh5vt9oq-9668f0049cf8a0a99e200e225d094692{\nheight:20px;\n}\n<\/style>\n<div  class='hr av-lh5vt9oq-9668f0049cf8a0a99e200e225d094692 hr-invisible  avia-builder-el-10  el_after_av_textblock  el_before_av_button'><span class='hr-inner'><span class=\"hr-inner-style\"><\/span><\/span><\/div><br \/>\n<div  class='avia-button-wrap av-l52mz44r-35ed1cd071741ac1def3262af0c31f50-wrap avia-button-left  avia-builder-el-11  el_after_av_hr  avia-builder-el-last'>\n<style type=\"text\/css\" data-created_by=\"avia_inline_auto\" id=\"style-css-av-l52mz44r-35ed1cd071741ac1def3262af0c31f50\">\n#top #wrap_all .avia-button.av-l52mz44r-35ed1cd071741ac1def3262af0c31f50{\nbackground-color:#ff9a36;\nborder-color:#ff9a36;\ncolor:#ffffff;\ntransition:all 0.4s ease-in-out;\n}\n#top #wrap_all .avia-button.av-l52mz44r-35ed1cd071741ac1def3262af0c31f50 .avia-svg-icon svg:first-child{\nfill:#ffffff;\nstroke:#ffffff;\n}\n<\/style>\n<a href='https:\/\/app.etapestry.com\/onlineforms\/TheGabriellaFoundation\/danceroutinesponsor-1.html'  class='avia-button av-l52mz44r-35ed1cd071741ac1def3262af0c31f50 av-link-btn avia-icon_select-no avia-size-large avia-position-left'  target=\"_blank\"  rel=\"noopener noreferrer\"  aria-label=\"convertirse en patrocinador\"><span class='avia_iconbox_title' >convertirse en patrocinador<\/span><\/a><\/div><\/p>\n<\/div><\/div>\n<style type=\"text\/css\" data-created_by=\"avia_inline_auto\" id=\"style-css-av-lhqheq2b-a4d10e01a5ae47a7c4408b7bd059aadd\">\n.flex_cell.av-lhqheq2b-a4d10e01a5ae47a7c4408b7bd059aadd{\nvertical-align:middle;\nheight:430px;\nmin-height:430px;\nbackground:url(https:\/\/everybodydance.org\/wp-content\/uploads\/2024\/03\/rams-jersey-jump-in-845x684.jpg) 50% 0% no-repeat scroll ;\n}\n<\/style>\n<div class='flex_cell av-lhqheq2b-a4d10e01a5ae47a7c4408b7bd059aadd av-gridrow-cell av_one_half no_margin  avia-builder-el-12  el_after_av_cell_one_half  avia-builder-el-last  content-align-middle avia-full-stretch'  ><div class='flex_cell_inner'><\/div><\/div>\n<\/div><\/p>\n\n<style type=\"text\/css\" data-created_by=\"avia_inline_auto\" id=\"style-css-av-lh5wejvr-5f4fc6a91293c31bc2a4820979ad0fdd\">\n.avia-section.av-lh5wejvr-5f4fc6a91293c31bc2a4820979ad0fdd{\nbackground-color:#f9e873;\nbackground-image:unset;\n}\n<\/style>\n<div id='av_section_1'  class='avia-section av-lh5wejvr-5f4fc6a91293c31bc2a4820979ad0fdd main_color avia-section-no-padding avia-no-border-styling  avia-builder-el-13  el_after_av_layout_row  el_before_av_masonry_gallery  avia-bg-style-scroll container_wrap sidebar_right'  ><div class='container av-section-cont-open' ><div class='template-page content  av-content-small alpha units'><div class='post-entry post-entry-type-page post-entry-2329'><div class='entry-content-wrapper clearfix'>\n\n<style type=\"text\/css\" data-created_by=\"avia_inline_auto\" id=\"style-css-av-lh5wkccm-3b52b17dd575c32d372380ce0295dd63\">\n.avia-testimonial-wrapper.av-lh5wkccm-3b52b17dd575c32d372380ce0295dd63 .avia-testimonial-subtitle{\ncolor:#1b1b47;\n}\n.avia-testimonial-wrapper.av-lh5wkccm-3b52b17dd575c32d372380ce0295dd63 .avia-testimonial-link{\ncolor:#1b1b47;\n}\n\n@media only screen and (min-width: 990px){ \n#top .avia-testimonial-wrapper.av-lh5wkccm-3b52b17dd575c32d372380ce0295dd63 .avia-testimonial-content{\nfont-size:18px;\n}\n}\n<\/style>\n<div  class='avia-testimonial-wrapper av-lh5wkccm-3b52b17dd575c32d372380ce0295dd63 avia-grid-testimonials avia-grid-1-testimonials avia_animate_when_almost_visible av-minimal-grid-style' >\n<section class=\"avia-testimonial-row\"><div class='avia-testimonial av-lh5wkbcr-8607213578f17ec11f7a70520b8a5a55 avia-testimonial-row-1 avia-first-testimonial flex_column no_margin av_one_full'><div class='avia-testimonial_inner'  itemscope=\"itemscope\" itemtype=\"https:\/\/schema.org\/CreativeWork\" ><div class='avia-testimonial-content'><div class='avia-testimonial-markup-entry-content'  itemprop=\"text\" ><p>Ense\u00f1as a los ni\u00f1os m\u00e1s que solo habilidades en las artes y las humanidades: enciendes un fuego en ellos; los ayudas a crecer emocional y socialmente. Y como todos ustedes saben, eso tiene un impacto en nuestros ni\u00f1os. No solo su \u00e9xito en las artes y las humanidades, sino tambi\u00e9n su \u00e9xito en la escuela y en la vida.<\/p>\n<\/div><\/div><div class=\"avia-testimonial-meta\"><div class=\"avia-testimonial-arrow-wrap\"><div class=\"avia-arrow\"><\/div><\/div><div class='avia-testimonial-image'  itemprop=\"image\" ><\/div><div class='avia-testimonial-meta-mini'  itemprop=\"author\" itemscope=\"itemscope\" itemtype=\"https:\/\/schema.org\/Person\" ><strong  class='avia-testimonial-name'  itemprop=\"name\" >Michelle Obama<\/strong><span  class='avia-testimonial-subtitle'  itemprop=\"jobTitle\" >Ex Primera Dama de los Estados Unidos<\/span><\/div><\/div><\/div><\/div><\/section>\n<\/div>\n\n\n<style type=\"text\/css\" data-created_by=\"avia_inline_auto\" id=\"style-css-av-8qr2gp-93b6f20e12015e8cdbec0a4c852fe32f\">\n#top .av-masonry.av-8qr2gp-93b6f20e12015e8cdbec0a4c852fe32f{\nbackground-color:#ffffff;\n}\n<\/style>\n<div id='av-masonry-1' class='av-masonry av-8qr2gp-93b6f20e12015e8cdbec0a4c852fe32f noHover av-fixed-size av-large-gap av-hover-overlay- av-masonry-animation-active av-masonry-col-4 av-caption-always av-caption-style- av-masonry-gallery av-mini-columns-overwrite av-mini-columns-1 av-orientation-square' data-post_id=\"2329\"><div class=\"av-masonry-container isotope av-js-disabled\"><div class='av-masonry-entry isotope-item av-masonry-item-no-image'><\/div><div id='av-masonry-1-item-638' data-av-masonry-item='638' class='av-masonry-entry isotope-item post-638 attachment type-attachment status-inherit hentry  av-masonry-item-with-image'    itemprop=\"thumbnailUrl\" ><div class='av-inner-masonry-sizer'><\/div><figure class='av-inner-masonry main_color'><div class=\"av-masonry-outerimage-container\"><div class='av-masonry-image-container' style=\"background-image: url(https:\/\/everybodydance.org\/wp-content\/uploads\/2021\/05\/Arms-up-Lion-King-grass-705x470.jpeg);\"  title=\"Brazos arriba Hierba del Rey Le\u00f3n\" ><\/div><\/div><\/figure><\/div><!--end av-masonry entry--><div id='av-masonry-1-item-4671' data-av-masonry-item='4671' class='av-masonry-entry isotope-item post-4671 attachment type-attachment status-inherit hentry  av-masonry-item-with-image'    itemprop=\"thumbnailUrl\" ><div class='av-inner-masonry-sizer'><\/div><figure class='av-inner-masonry main_color'><div class=\"av-masonry-outerimage-container\"><div class='av-masonry-image-container' style=\"background-image: url(https:\/\/everybodydance.org\/wp-content\/uploads\/2023\/05\/Michelle-Obama-705x494.jpg);\"  title=\"Michelle Obama\" ><\/div><\/div><\/figure><\/div><!--end av-masonry entry--><div id='av-masonry-1-item-643' data-av-masonry-item='643' class='av-masonry-entry isotope-item post-643 attachment type-attachment status-inherit hentry  av-masonry-item-with-image'    itemprop=\"thumbnailUrl\" ><div class='av-inner-masonry-sizer'><\/div><figure class='av-inner-masonry main_color'><div class=\"av-masonry-outerimage-container\"><div class='av-masonry-image-container' style=\"background-image: url(https:\/\/everybodydance.org\/wp-content\/uploads\/2021\/05\/Jeffery-leaping-off-tabels-e1621445862902.jpeg);\"  title=\"Jeffery saltando de las mesas\" ><\/div><\/div><\/figure><\/div><!--end av-masonry entry--><div id='av-masonry-1-item-641' data-av-masonry-item='641' class='av-masonry-entry isotope-item post-641 attachment type-attachment status-inherit hentry  av-masonry-item-with-image'    itemprop=\"thumbnailUrl\" ><div class='av-inner-masonry-sizer'><\/div><figure class='av-inner-masonry main_color'><div class=\"av-masonry-outerimage-container\"><div class='av-masonry-image-container' style=\"background-image: url(https:\/\/everybodydance.org\/wp-content\/uploads\/2021\/05\/Alexis-in-Jazz-3-edited-471x705.jpg);\"  title=\"Alexis en Jazz 3 editado\" ><\/div><\/div><\/figure><\/div><!--end av-masonry entry--><\/div><\/div>","protected":false},"excerpt":{"rendered":"","protected":false},"author":1,"featured_media":0,"parent":0,"menu_order":3,"comment_status":"closed","ping_status":"closed","template":"","meta":{"footnotes":""},"class_list":["post-2329","page","type-page","status-publish","hentry"],"yoast_head":"<!-- This site is optimized with the Yoast SEO plugin v27.5 - https:\/\/yoast.com\/product\/yoast-seo-wordpress\/ -->\n<title>Support - Everybody Dance LA!<\/title>\n<meta name=\"robots\" content=\"index, follow, max-snippet:-1, max-image-preview:large, max-video-preview:-1\" \/>\n<link rel=\"canonical\" href=\"https:\/\/everybodydance.org\/es\/support\/\" \/>\n<meta property=\"og:locale\" content=\"es_MX\" \/>\n<meta property=\"og:type\" content=\"article\" \/>\n<meta property=\"og:title\" content=\"Support - Everybody Dance LA!\" \/>\n<meta property=\"og:url\" content=\"https:\/\/everybodydance.org\/es\/support\/\" \/>\n<meta property=\"og:site_name\" content=\"Everybody Dance LA!\" \/>\n<meta property=\"article:publisher\" content=\"https:\/\/www.facebook.com\/everybodydancela\" \/>\n<meta property=\"article:modified_time\" content=\"2026-04-28T22:58:35+00:00\" \/>\n<meta property=\"og:image\" content=\"https:\/\/everybodydance.org\/wp-content\/uploads\/2023\/04\/edla-yellow-enfold-100.png\" \/>\n\t<meta property=\"og:image:width\" content=\"600\" \/>\n\t<meta property=\"og:image:height\" content=\"431\" \/>\n\t<meta property=\"og:image:type\" content=\"image\/png\" \/>\n<meta name=\"twitter:card\" content=\"summary_large_image\" \/>\n<meta name=\"twitter:site\" content=\"@everybodydancla\" \/>\n<meta name=\"twitter:label1\" content=\"Tiempo de lectura\" \/>\n\t<meta name=\"twitter:data1\" content=\"2 minutos\" \/>\n<script type=\"application\/ld+json\" class=\"yoast-schema-graph\">{\"@context\":\"https:\\\/\\\/schema.org\",\"@graph\":[{\"@type\":\"WebPage\",\"@id\":\"https:\\\/\\\/everybodydance.org\\\/support\\\/\",\"url\":\"https:\\\/\\\/everybodydance.org\\\/support\\\/\",\"name\":\"Support - Everybody Dance LA!\",\"isPartOf\":{\"@id\":\"https:\\\/\\\/everybodydance.org\\\/#website\"},\"datePublished\":\"2021-05-27T19:16:36+00:00\",\"dateModified\":\"2026-04-28T22:58:35+00:00\",\"breadcrumb\":{\"@id\":\"https:\\\/\\\/everybodydance.org\\\/support\\\/#breadcrumb\"},\"inLanguage\":\"es-MX\",\"potentialAction\":[{\"@type\":\"ReadAction\",\"target\":[\"https:\\\/\\\/everybodydance.org\\\/support\\\/\"]}]},{\"@type\":\"BreadcrumbList\",\"@id\":\"https:\\\/\\\/everybodydance.org\\\/support\\\/#breadcrumb\",\"itemListElement\":[{\"@type\":\"ListItem\",\"position\":1,\"name\":\"Home\",\"item\":\"https:\\\/\\\/everybodydance.org\\\/home\\\/\"},{\"@type\":\"ListItem\",\"position\":2,\"name\":\"Support\"}]},{\"@type\":\"WebSite\",\"@id\":\"https:\\\/\\\/everybodydance.org\\\/#website\",\"url\":\"https:\\\/\\\/everybodydance.org\\\/\",\"name\":\"Everybody Dance LA!\",\"description\":\"Transforming lives and communities through the power of dance\",\"publisher\":{\"@id\":\"https:\\\/\\\/everybodydance.org\\\/#organization\"},\"alternateName\":\"edla!\",\"potentialAction\":[{\"@type\":\"SearchAction\",\"target\":{\"@type\":\"EntryPoint\",\"urlTemplate\":\"https:\\\/\\\/everybodydance.org\\\/?s={search_term_string}\"},\"query-input\":{\"@type\":\"PropertyValueSpecification\",\"valueRequired\":true,\"valueName\":\"search_term_string\"}}],\"inLanguage\":\"es-MX\"},{\"@type\":\"Organization\",\"@id\":\"https:\\\/\\\/everybodydance.org\\\/#organization\",\"name\":\"Everybody Dance LA!\",\"url\":\"https:\\\/\\\/everybodydance.org\\\/\",\"logo\":{\"@type\":\"ImageObject\",\"inLanguage\":\"es-MX\",\"@id\":\"https:\\\/\\\/everybodydance.org\\\/#\\\/schema\\\/logo\\\/image\\\/\",\"url\":\"https:\\\/\\\/everybodydance.org\\\/wp-content\\\/uploads\\\/2023\\\/08\\\/edla-full-logo-dark-blue.png\",\"contentUrl\":\"https:\\\/\\\/everybodydance.org\\\/wp-content\\\/uploads\\\/2023\\\/08\\\/edla-full-logo-dark-blue.png\",\"width\":650,\"height\":590,\"caption\":\"Everybody Dance LA!\"},\"image\":{\"@id\":\"https:\\\/\\\/everybodydance.org\\\/#\\\/schema\\\/logo\\\/image\\\/\"},\"sameAs\":[\"https:\\\/\\\/www.facebook.com\\\/everybodydancela\",\"https:\\\/\\\/x.com\\\/everybodydancla\",\"https:\\\/\\\/www.instagram.com\\\/everybodydancela\\\/\",\"https:\\\/\\\/www.youtube.com\\\/user\\\/everybodydancela\"]}]}<\/script>\n<!-- \/ Yoast SEO plugin. -->","yoast_head_json":{"title":"Support - Everybody Dance LA!","robots":{"index":"index","follow":"follow","max-snippet":"max-snippet:-1","max-image-preview":"max-image-preview:large","max-video-preview":"max-video-preview:-1"},"canonical":"https:\/\/everybodydance.org\/es\/support\/","og_locale":"es_MX","og_type":"article","og_title":"Support - Everybody Dance LA!","og_url":"https:\/\/everybodydance.org\/es\/support\/","og_site_name":"Everybody Dance LA!","article_publisher":"https:\/\/www.facebook.com\/everybodydancela","article_modified_time":"2026-04-28T22:58:35+00:00","og_image":[{"width":600,"height":431,"url":"https:\/\/everybodydance.org\/wp-content\/uploads\/2023\/04\/edla-yellow-enfold-100.png","type":"image\/png"}],"twitter_card":"summary_large_image","twitter_site":"@everybodydancla","twitter_misc":{"Tiempo de lectura":"2 minutos"},"schema":{"@context":"https:\/\/schema.org","@graph":[{"@type":"WebPage","@id":"https:\/\/everybodydance.org\/support\/","url":"https:\/\/everybodydance.org\/support\/","name":"Support - Everybody Dance LA!","isPartOf":{"@id":"https:\/\/everybodydance.org\/#website"},"datePublished":"2021-05-27T19:16:36+00:00","dateModified":"2026-04-28T22:58:35+00:00","breadcrumb":{"@id":"https:\/\/everybodydance.org\/support\/#breadcrumb"},"inLanguage":"es-MX","potentialAction":[{"@type":"ReadAction","target":["https:\/\/everybodydance.org\/support\/"]}]},{"@type":"BreadcrumbList","@id":"https:\/\/everybodydance.org\/support\/#breadcrumb","itemListElement":[{"@type":"ListItem","position":1,"name":"Home","item":"https:\/\/everybodydance.org\/home\/"},{"@type":"ListItem","position":2,"name":"Support"}]},{"@type":"WebSite","@id":"https:\/\/everybodydance.org\/#website","url":"https:\/\/everybodydance.org\/","name":"\u00a1Todo el mundo baila LA!","description":"Transformando vidas y comunidades a trav\u00e9s del poder de la danza","publisher":{"@id":"https:\/\/everybodydance.org\/#organization"},"alternateName":"edla!","potentialAction":[{"@type":"SearchAction","target":{"@type":"EntryPoint","urlTemplate":"https:\/\/everybodydance.org\/?s={search_term_string}"},"query-input":{"@type":"PropertyValueSpecification","valueRequired":true,"valueName":"search_term_string"}}],"inLanguage":"es-MX"},{"@type":"Organization","@id":"https:\/\/everybodydance.org\/#organization","name":"\u00a1Todo el mundo baila LA!","url":"https:\/\/everybodydance.org\/","logo":{"@type":"ImageObject","inLanguage":"es-MX","@id":"https:\/\/everybodydance.org\/#\/schema\/logo\/image\/","url":"https:\/\/everybodydance.org\/wp-content\/uploads\/2023\/08\/edla-full-logo-dark-blue.png","contentUrl":"https:\/\/everybodydance.org\/wp-content\/uploads\/2023\/08\/edla-full-logo-dark-blue.png","width":650,"height":590,"caption":"Everybody Dance LA!"},"image":{"@id":"https:\/\/everybodydance.org\/#\/schema\/logo\/image\/"},"sameAs":["https:\/\/www.facebook.com\/everybodydancela","https:\/\/x.com\/everybodydancla","https:\/\/www.instagram.com\/everybodydancela\/","https:\/\/www.youtube.com\/user\/everybodydancela"]}]}},"_links":{"self":[{"href":"https:\/\/everybodydance.org\/es\/wp-json\/wp\/v2\/pages\/2329","targetHints":{"allow":["GET"]}}],"collection":[{"href":"https:\/\/everybodydance.org\/es\/wp-json\/wp\/v2\/pages"}],"about":[{"href":"https:\/\/everybodydance.org\/es\/wp-json\/wp\/v2\/types\/page"}],"author":[{"embeddable":true,"href":"https:\/\/everybodydance.org\/es\/wp-json\/wp\/v2\/users\/1"}],"replies":[{"embeddable":true,"href":"https:\/\/everybodydance.org\/es\/wp-json\/wp\/v2\/comments?post=2329"}],"version-history":[{"count":3,"href":"https:\/\/everybodydance.org\/es\/wp-json\/wp\/v2\/pages\/2329\/revisions"}],"predecessor-version":[{"id":5809,"href":"https:\/\/everybodydance.org\/es\/wp-json\/wp\/v2\/pages\/2329\/revisions\/5809"}],"wp:attachment":[{"href":"https:\/\/everybodydance.org\/es\/wp-json\/wp\/v2\/media?parent=2329"}],"curies":[{"name":"gracias","href":"https:\/\/api.w.org\/{rel}","templated":true}]}}